{"id":32,"date":"2021-02-03T14:10:16","date_gmt":"2021-02-03T13:10:16","guid":{"rendered":"http:\/\/serwer2171288.home.pl\/autoinstalator\/wordpress\/?page_id=32"},"modified":"2025-02-25T10:30:52","modified_gmt":"2025-02-25T09:30:52","slug":"mfm","status":"publish","type":"page","link":"http:\/\/popp-powiatrybnicki.pl\/?page_id=32","title":{"rendered":"Konkursy i Festiwale"},"content":{"rendered":"<p>&nbsp;<\/p>\n<h3 style=\"text-align: center;\"><span style=\"color: #800080;\"><em><strong>\u201eM\u0142odzie\u017cowy Festiwal Muzyczny 2025\u201d<\/strong><\/em><\/span><\/h3>\n<h3 style=\"text-align: center;\"><span style=\"color: #800080;\"><em>pod honorowym patronatem<\/em><\/span><br \/>\n<span style=\"color: #800080;\"><em>Starosty Powiatu Rybnickiego<\/em><\/span><br \/>\n<span style=\"color: #800080;\"><em>Damiana Mrowca<\/em><\/span><\/h3>\n<h3 style=\"text-align: center;\"><span style=\"color: #993366;\"><strong><em>Organizator:<\/em><\/strong><\/span><br \/>\n<span style=\"color: #993366;\"><strong><em>Powiatowe Ognisko Pracy Pozaszkolnej<\/em><\/strong><\/span><br \/>\n<span style=\"color: #993366;\"><strong><em>Wsp\u00f3\u0142organizator:<\/em><\/strong><\/span><br \/>\n<span style=\"color: #993366;\"><strong><em>Miejski O\u015brodek Kultury w Czerwionce-Leszczynach<\/em><\/strong><\/span><\/h3>\n<h4 style=\"text-align: center;\"><strong><span style=\"color: #000000;\"><em>R e g u l a m i n<br \/>\n&lt;<a href=\"http:\/\/serwer2171288.home.pl\/autoinstalator\/wordpress\/wp-content\/uploads\/2025\/02\/RegulaminMFM2025.pdf\">Pobierz pdf<\/a>&gt;<br \/>\n&lt;<a href=\"http:\/\/serwer2171288.home.pl\/autoinstalator\/wordpress\/wp-content\/uploads\/2025\/02\/KartaMFM2025.pdf\">Karta zg\u0142oszenia i zgoda &#8211; pobierz pdf<\/a>&gt;<\/em><\/span><\/strong><\/h4>\n<p>&nbsp;<\/p>\n<p style=\"text-align: center;\"><strong><span style=\"color: #000000;\"><em>Cele festiwalu:<\/em><\/span><\/strong><\/p>\n<p style=\"text-align: center;\"><span style=\"color: #000000;\"><em>M\u0142odzie\u017cowy Festiwal Muzyczny jest imprez\u0105 pozwalaj\u0105c\u0105 przedstawi\u0107 dorobek szk\u00f3\u0142 oraz plac\u00f3wek o\u015bwiatowych i kulturalnych w zakresie edukacji muzycznej. Stwarza okazj\u0119 do wymiany do\u015bwiadcze\u0144, konsultacji oraz wyznaczenia perspektyw dla rozwoju amatorskiego ruchu muzycznego w \u015brodowisku szkolnym.<\/em><\/span><br \/>\n<span style=\"color: #000000;\"><em>Festiwal skierowany jest do dzieci i m\u0142odzie\u017cy ucz\u0105cej si\u0119.<\/em><\/span><\/p>\n<p style=\"text-align: center;\"><span style=\"color: #000000;\"><em>Kategorie wykonawcze:<\/em><\/span><br \/>\n<span style=\"color: #000000;\"><em>\u2022 zespo\u0142y wokalne,<\/em><\/span><br \/>\n<span style=\"color: #000000;\"><em>\u2022 zespo\u0142y wokalno-instrumentalne,<\/em><\/span><br \/>\n<span style=\"color: #000000;\"><em>\u2022 soli\u015bci, duety<\/em><\/span><br \/>\n<span style=\"color: #000000;\"><em>\u2022 zespo\u0142y instrumentalne<\/em><\/span><br \/>\n<span style=\"color: #000000;\"><em>\u2022 zespo\u0142y wokalno-ruchowe<\/em><\/span><\/p>\n<p style=\"text-align: center;\"><span style=\"color: #000000;\"><em>Uczestnicy przedstawiaj\u0105 1 utw\u00f3r (dopuszcza si\u0119 wi\u0105zank\u0119 utwor\u00f3w). Preferowany jest repertuar w j\u0119zyku polskim. \u0141\u0105czny czas trwania prezentacji <span style=\"color: #ff0000;\">nie mo\u017ce przekroczy\u0107 5 minut.<\/span><\/em><\/span><br \/>\n<span style=\"color: #000000;\"><em>W kategorii soli\u015bci i duety plac\u00f3wka mo\u017ce przys\u0142a\u0107 <span style=\"color: #ff0000;\">max. 2 zg\u0142oszenia<\/span>.<\/em><\/span><\/p>\n<p style=\"text-align: center;\"><strong><span style=\"color: #000000;\"><em>Warunki uczestnictwa:<\/em><\/span><\/strong><\/p>\n<p style=\"text-align: center;\"><span style=\"color: #000000;\"><em>&#8211;<span style=\"color: #ff0000;\"> uczestnicy zg\u0142aszaj\u0105 si\u0119 do organizatora na 30 min<\/span>. przed planowanym wyst\u0119pem,<\/em><\/span><br \/>\n<span style=\"color: #000000;\"><em>&#8211; uczestnicy przygotowuj\u0105 nagrania akompaniamentu <span style=\"color: #ff0000;\">w formacie mp3 wraz z opisem<\/span> (wykonawca i numer utworu).<\/em><\/span><br \/>\n<span style=\"color: #000000;\"><em>&#8211; uczestnicy zaplanowani na dany blok godzinowy wzajemnie ogl\u0105daj\u0105 swoje wyst\u0119py.<\/em><\/span><\/p>\n<p style=\"text-align: center;\"><strong><span style=\"color: #000000;\"><em>Sprawy organizacyjne<\/em><\/span><\/strong><\/p>\n<p style=\"text-align: center;\"><span style=\"color: #000000;\"><em>Wykonawc\u00f3w ocenia\u0107 b\u0119dzie jury powo\u0142ane przez organizator\u00f3w.<\/em><\/span><br \/>\n<span style=\"color: #000000;\"><em>Kryteria oceny: dob\u00f3r repertuaru (dostosowanie repertuaru do wieku i umiej\u0119tno\u015bci uczestnik\u00f3w), intonacja, interpretacja, technika wykonania, og\u00f3lny wyraz artystyczny.<\/em><\/span><br \/>\n<span style=\"color: #000000;\"><em>Komisja zastrzega sobie prawo ostatecznego zakwalifikowania zespo\u0142u do danej kategorii. Jej decyzje s\u0105 ostateczne i nieodwo\u0142alne.<\/em><\/span><br \/>\n<span style=\"color: #000000;\"><em>Festiwal ma charakter otwarty z udzia\u0142em publiczno\u015bci,<\/em><\/span><br \/>\n<span style=\"color: #000000;\"><em>Organizatorzy zapewniaj\u0105 profesjonalne nag\u0142o\u015bnienie pod warunkiem prawid\u0142owego zg\u0142oszenia zapotrzebowania. Dost\u0119pny b\u0119dzie r\u00f3wnie\u017c fortepian elektroniczny.<\/em><\/span><\/p>\n<p style=\"text-align: center;\"><strong><span style=\"color: #000000;\"><em>Terminarz festiwalu<\/em><\/span><\/strong><\/p>\n<p style=\"text-align: center;\"><span style=\"color: #000000;\"><em>P<span style=\"color: #ff0000;\">rzes\u0142uchania odb\u0119d\u0105 si\u0119 17,18 kwietnia 2024r. od godz. 900 w Centrum Kulturalno-Edukacyjnym w Czerwionce-Leszczynach, ul. 3 Maja 36A.<\/span><\/em><\/span><\/p>\n<p style=\"text-align: center;\"><span style=\"color: #000000;\"><em><span style=\"color: #ff0000;\">Koncert Laureat\u00f3w: 21 maja 2024r.<\/span> &#8211; og\u0142oszenie wynik\u00f3w i wr\u0119czenie dyplom\u00f3w oraz nagr\u00f3d. Koncert odb\u0119dzie si\u0119 w Centrum Kulturalno-Edukacyjnym w Czerwionce-Leszczynach, ul.3 Maja 36A. Godzin\u0119 koncertu podamy razem z list\u0105 laureat\u00f3w.<\/em><\/span><\/p>\n<p style=\"text-align: center;\"><span style=\"color: #000000;\"><em>Laureaci zobowi\u0105zani s\u0105 do uczestnictwa w Koncercie Fina\u0142owym.<\/em><\/span><\/p>\n<p style=\"text-align: center;\"><span style=\"color: #ff0000;\"><em>Zg\u0142oszenia prosimy przes\u0142a\u0107 do 8 kwietnia 2024r. na adres e-mail: popp@powiatrybnicki.pl<\/em><\/span><\/p>\n<p style=\"text-align: center;\"><span style=\"color: #ff0000;\"><em>Termin i kolejno\u015b\u0107 przes\u0142ucha\u0144 oraz lista laureat\u00f3w zamieszczone b\u0119d\u0105 na stronie internetowej http:\/\/www.popp-powiatrybnicki.pl<\/em><\/span><\/p>\n<p style=\"text-align: center;\"><span style=\"color: #000000;\"><em>Szczeg\u00f3\u0142owe informacje na temat festiwalu na stronie internetowej oraz pod numerem telefonu <span style=\"color: #ff0000;\">504 820 447.<\/span><\/em><\/span><\/p>\n<p style=\"text-align: center;\"><strong><span style=\"color: #000000;\"><em>Informacje dodatkowe<\/em><\/span><\/strong><br \/>\n<span style=\"color: #000000;\"><em>Uczestnicy dostarczaj\u0105 pisemn\u0105 zgod\u0119 na przetwarzanie danych osobowych najp\u00f3\u017aniej podczas rejestracji przyjazdu na przes\u0142uchania.<\/em><\/span><br \/>\n<span style=\"color: #000000;\"><em>Zg\u0142oszenie do konkursu traktowane jest r\u00f3wnoznacznie z akceptacj\u0105 regulaminu.<\/em><\/span><\/p>\n<p>&nbsp;<\/p>\n<hr>\n<p style=\"text-align: center;\"><span style=\"color: #800080;\"><strong><em>POWIATOWY KONKURS&nbsp; RECYTATORSKI <\/em><\/strong><\/span><span style=\"color: #800080;\"><strong><em>&#8222;MA\u0141Y OKR 2024&#8221;<\/em><\/strong><\/span><\/p>\n<p style=\"text-align: center;\"><span style=\"color: #800080;\"><strong><em>REGULAMIN<\/em><\/strong><\/span><\/p>\n<p style=\"text-align: center;\"><span style=\"color: #800080;\"><strong><em>ORGANIZATOR:<\/em><\/strong><\/span><\/p>\n<p style=\"text-align: center;\"><span style=\"color: #800080;\"><strong><em>Powiatowe Ognisko Pracy Pozaszkolnej w Czerwionce-Leszczynach<\/em><\/strong><\/span><\/p>\n<p style=\"text-align: center;\">&lt;&lt; <span style=\"color: #ff0000;\">KARTA ZG\u0141OSZENIA i ZGODA UCZESTNIKA<\/span> &gt;&gt; <strong><a href=\"http:\/\/serwer2171288.home.pl\/autoinstalator\/wordpress\/wp-content\/uploads\/2024\/02\/karta-zgloszenia-i-zgoda-2024.pdf\">POBIERZ<\/a><\/strong><\/p>\n<p style=\"text-align: center;\"><strong style=\"color: #800080; font-size: rem;\">CELE KONKURSU:<\/strong><\/p>\n<p style=\"text-align: center;\">Piel\u0119gnowanie kultury j\u0119zyka ojczystego.<br \/>\nRozbudzanie w\u015br\u00f3d dzieci i m\u0142odzie\u017cy zainteresowania sztuk\u0105 recytacji.<br \/>\nKrzewienie zami\u0142owania do literatury pi\u0119knej.<br \/>\nPoznanie pracy innych \u2013 konfrontacja dorobku.<br \/>\nPrzygotowanie do p\u00f3\u017aniejszego uczestnictwa w OKR.<\/p>\n<p style=\"text-align: center;\"><span style=\"color: #800080;\"><strong>ZASADY ORGANIZACYJNE:<\/strong><\/span><\/p>\n<p style=\"text-align: center;\">Powiatowy Konkurs Recytatorski \u201eMA\u0141Y OKR 2024\u201d jest adresowany do uczni\u00f3w szk\u00f3\u0142 podstawowych kl. IV-VI, oraz z klas VII i VIII,<br \/>\na tak\u017ce wychowank\u00f3w plac\u00f3wek o\u015bwiatowych i o\u015brodk\u00f3w kultury powiatu rybnickiego.<\/p>\n<p style=\"text-align: center;\">Uczestnicy wyst\u0119puj\u0105 w dw\u00f3ch kategoriach wiekowych:<\/p>\n<p style=\"text-align: center;\">klasy IV \u2013 VI szko\u0142y podstawowej,<\/p>\n<p style=\"text-align: center;\">klasy VII i VIII szko\u0142y podstawowej<\/p>\n<p style=\"text-align: center;\">Warunkiem udzia\u0142u jest przygotowanie repertuaru odpowiadaj\u0105cego za\u0142o\u017ceniom wybranej kategorii konkursowej.<\/p>\n<p style=\"text-align: center;\"><strong>Ka\u017cd\u0105 plac\u00f3wk\u0119 mo\u017ce reprezentowa\u0107 <span style=\"color: #ff0000;\">maks. 3 uczestnik\u00f3w w ka\u017cdej kategorii<\/span>.<\/strong> Organizator eliminacji powiatowych mo\u017ce podj\u0105\u0107 decyzj\u0119 o zmianie wysoko\u015bci limit\u00f3w kwalifikacyjnych.<\/p>\n<p style=\"text-align: center;\">Karty zg\u0142osze\u0144 oraz skan wype\u0142nionej i podpisanej zgody &nbsp;nale\u017cy przesy\u0142a\u0107 <u>drog\u0105 elektroniczn\u0105 <\/u>na adres <span style=\"color: #ff0000;\"><strong>popp@powiatrybnicki.pl<\/strong><\/span><\/p>\n<p style=\"text-align: center;\">Wszelkie informacje pod numerem<span style=\"color: #ff0000;\"> <strong>tel. 504820447<\/strong><\/span><\/p>\n<p style=\"text-align: center;\"><span style=\"color: #ff0000;\"><strong><u>Termin zg\u0142osze\u0144 up\u0142ywa 8 marca 2024r.<\/u><\/strong><\/span><\/p>\n<p><strong>&nbsp;Szczeg\u00f3\u0142owe informacje na temat Powiatowego Konkursu Recytatorskiego \u201eMa\u0142y OKR 2024\u201d b\u0119d\u0105 na bie\u017c\u0105co umieszczane na stronie <\/strong><a href=\"http:\/\/www.popp-powiatrybnicki.pl\/\"><strong>http:\/\/www.popp-powiatrybnicki.pl\/<\/strong><\/a><\/p>\n<p>Przes\u0142uchania etapu powiatowego odb\u0119d\u0105 si\u0119<\/p>\n<p style=\"text-align: center;\"><strong><em><span style=\"color: #ff0000;\">19 marca 2024 r. (wtorek) godz. 9<\/span><sup><span style=\"color: #ff0000;\">30<\/span> &nbsp;<\/sup><\/em><\/strong>(dla gmin GASZOWICE, JEJKOWICE, LYSKI i \u015aWIERKLANY) <u>Miejsce przes\u0142ucha\u0144: <span style=\"color: #ff0000;\"><strong><em>Dw\u00f3r w \u0141ukowie \u015al\u0105skim ul. Dworska 20<\/em><\/strong><\/span><\/u><\/p>\n<p style=\"text-align: center;\"><span style=\"color: #ff0000;\"><u>&nbsp;<\/u><strong><em>21 marca 2024 r. (czwartek)&nbsp; godz. 9<sup>30<\/sup><\/em><\/strong><\/span>(dla gminy i miasta CZERWIONKA-LESZCZYNY)<\/p>\n<p style=\"text-align: center;\"><u>Miejsce przes\u0142ucha\u0144: <\/u><span style=\"color: #ff0000;\"><strong><em>Dom Kultury w Czerwionce, ul. Wolno\u015bci 2.<\/em><\/strong><\/span><\/p>\n<p style=\"text-align: center;\"><strong>wsp\u00f3\u0142organizator: <\/strong>Miejski O\u015brodek Kultury w Czerwionce &#8211; Leszczynach<\/p>\n<p><u>&nbsp;<\/u><\/p>\n<p style=\"text-align: center;\">&nbsp; <strong>III. ZASADY PROGRAMOWE<\/strong><\/p>\n<p>&nbsp;<\/p>\n<p>W ramach Powiatowego Konkursu Recytatorskiego &#8222;Ma\u0142y OKR 2024&#8221; odb\u0119dzie si\u0119:<\/p>\n<p><strong>Turniej RECYTATORSKI<\/strong> \u2013 uczestnicy prezentuj\u0105 utwory o dowolnej tematyce:<\/p>\n<ol>\n<li>a) klasy IV \u2013 VI \u2013 recytacja 1 utworu poetyckiego oraz fragmentu prozy \u2013 do 5 minut \u0142\u0105cznie,<\/li>\n<li>b) klasy VII, VIII, &#8211; recytacja 1 utworu poetyckiego oraz fragmentu prozy \u2013 do 7 minut \u0142\u0105cznie.<\/li>\n<\/ol>\n<p>&nbsp;<\/p>\n<p><strong>Turniej WYWIEDZIONE ZE S\u0141OWA <\/strong>&#8211; repertuar dowolny (wiersz lub jego fragment, monolog literacki, collage tekst\u00f3w), dowolna forma prezentacji (teatr jednego wiersza, \u0142\u0105czenie s\u0142owa m\u00f3wionego ze \u015bpiewem, z d\u017awi\u0119kiem, ruchem, rekwizytem) \u2013 ca\u0142kowity czas prezentacji do 7 minut.<\/p>\n<p><strong>Turniej POEZJA \u015aPIEWANA<\/strong> \u2013 <u>klasy VII, VIII,<\/u><\/p>\n<ol>\n<li>Wykonawca jest solist\u0105.<\/li>\n<li>Do prezentacji uczestnik zg\u0142asza 2 utwory \u015bpiewane, 1 recytowany.<span style=\"color: #ff0000;\"> <u>\u0141\u0105czny czas ich wykonania nie mo\u017ce przekroczy\u0107 10 minut<\/u>.<\/span><\/li>\n<li>W ramach repertuaru \u015bpiewanego wykonywane mog\u0105 by\u0107 wiersze, kt\u00f3re zosta\u0142y opublikowane w ksi\u0105\u017ckach lub prasie literackiej.<\/li>\n<li>Do akompaniamentu mo\u017ce by\u0107 stosowany 1 instrument lub ma\u0142y zesp\u00f3\u0142 muzyczny (do 3 os\u00f3b) b\u0105d\u017a wcze\u015bniej dokonane nagranie (p\u00f3\u0142playback).<\/li>\n<\/ol>\n<p><span style=\"color: #ff0000;\"><strong><u>Wszyscy uczestnicy maj\u0105 obowi\u0105zek wzajemnego ogl\u0105dania prezentacji.<\/u><\/strong><\/span><\/p>\n<ol>\n<li><strong> OCENA PREZENTACJI:<\/strong><\/li>\n<li>Oceny prezentacji dokona kompetentne jury powo\u0142ane przez organizatora.<\/li>\n<li>Oceny dokonywane s\u0105 wed\u0142ug nast\u0119puj\u0105cych kryteri\u00f3w:<\/li>\n<li>a) dob\u00f3r repertuaru (warto\u015bci artystyczne utwor\u00f3w oraz ich dostosowanie do mo\u017cliwo\u015bci wykonawczych uczestnika, <u>jego wieku,<\/u>),<\/li>\n<li>b) interpretacja utworu (kultura s\u0142owa &#8211; m.in. dykcja, emisja, ekspresja),<\/li>\n<li>c) og\u00f3lny wyraz artystyczny.<\/li>\n<li>W turnieju \u201eWywiedzione ze s\u0142owa\u201d jury uwzgl\u0119dnia ponadto:<\/li>\n<li>a) celowo\u015b\u0107 u\u017cycia \u015brodk\u00f3w pozas\u0142ownych (np. kostiumu, d\u017awi\u0119ku, scenografii, rekwizytu) wspomagaj\u0105cych interpretacj\u0119,<\/li>\n<li>b) kompozycj\u0119 sceniczn\u0105 prezentacji.<\/li>\n<li>W turnieju poezji \u015bpiewanej jury uwzgl\u0119dnia ponadto:<\/li>\n<li>a) zgodno\u015b\u0107 muzyki z charakterem wiersza<\/li>\n<li>b) muzykalno\u015b\u0107 i warunki g\u0142osowe wykonawcy<\/li>\n<li>Decyzja jury jest ostateczna.<\/li>\n<\/ol>\n<p>&nbsp;<\/p>\n<p style=\"text-align: center;\"><span style=\"color: #800080;\"><strong><em>Wszyscy uczestnicy otrzymuj\u0105 w&nbsp; dniu przes\u0142ucha\u0144 pami\u0105tkowe dyplomy, a laureaci nagrody ufundowane przez organizatora.<\/em><\/strong><\/span><\/p>\n<p style=\"text-align: center;\"><span style=\"color: #800080;\"><strong><em>Najwy\u017cej ocenionych wykonawc\u00f3w jury zakwalifikuje do Regionalnego Konkursu Recytatorskiego MA\u0141Y OKR 2024 organizowanego przez Instytut My\u015bli Polskiej im. Wojciecha Korfantego w Katowicach ( przes\u0142uchania 10-12.04.2024)<\/em><\/strong><\/span><\/p>\n<p><strong>&nbsp;<\/strong><\/p>\n<p style=\"text-align: center;\"><span style=\"color: #ff0000;\">Wszelkie informacje pod numerem telefonu <strong>504820447<\/strong> oraz na stronie internetowej<\/span><\/p>\n<p style=\"text-align: center;\"><span style=\"color: #ff0000;\"><strong>www.popp-powiatrybnicki.pl<\/strong><\/span><\/p>\n<p>&nbsp;<\/p>\n<p style=\"text-align: center;\"><span style=\"color: #800080;\"><strong><em>M\u0142odzie\u017cowy Festiwal Muzyczny 2023\u201d<\/em><\/strong><\/span><\/p>\n<p style=\"text-align: center;\"><span style=\"color: #800080;\"><strong><em>pod honorowym patronatem<\/em><\/strong><\/span><br \/>\n<span style=\"color: #800080;\"><strong><em>Starosty Powiatu Rybnickiego<\/em><\/strong><\/span><br \/>\n<span style=\"color: #800080;\"><strong><em>Damiana Mrowca<\/em><\/strong><\/span><\/p>\n<p style=\"text-align: center;\"><span style=\"color: #800080;\"><strong><em>Organizator:<\/em><\/strong><\/span><br \/>\n<span style=\"color: #800080;\"><strong><em>Powiatowe Ognisko Pracy Pozaszkolnej<\/em><\/strong><\/span><br \/>\n<span style=\"color: #800080;\"><strong><em>Wsp\u00f3\u0142organizator:<\/em><\/strong><\/span><br \/>\n<span style=\"color: #800080;\"><strong><em>Miejski O\u015brodek Kultury w Czerwionce-Leszczynach<\/em><\/strong><\/span><\/p>\n<p style=\"text-align: center;\"><a href=\"http:\/\/serwer2171288.home.pl\/autoinstalator\/wordpress\/wp-content\/uploads\/2023\/03\/regulamin-MFM-2023.docx\">regulamin MFM 2023<\/a><\/p>\n<p style=\"text-align: center;\"><a href=\"http:\/\/serwer2171288.home.pl\/autoinstalator\/wordpress\/wp-content\/uploads\/2023\/03\/karta-zgL_oszenia-MFM-2023-i-zgoda.docx\">karta zg\u0142oszenia MFM 2023 i zgoda<\/a><\/p>\n<p><span style=\"color: #000000;\"><strong><em>R e g u l a m i n<\/em><\/strong><\/span><\/p>\n<p><span style=\"color: #800080;\"><strong><em>Cele festiwalu:<\/em><\/strong><\/span><\/p>\n<p>M\u0142odzie\u017cowy Festiwal Muzyczny jest imprez\u0105 pozwalaj\u0105c\u0105 przedstawi\u0107 dorobek szk\u00f3\u0142 oraz plac\u00f3wek o\u015bwiatowych i kulturalnych w zakresie edukacji muzycznej. Stwarza okazj\u0119 do wymiany do\u015bwiadcze\u0144, konsultacji oraz wyznaczenia perspektyw dla rozwoju amatorskiego ruchu muzycznego w \u015brodowisku szkolnym.<br \/>\nFestiwal skierowany jest do dzieci i m\u0142odzie\u017cy ucz\u0105cej si\u0119.<\/p>\n<p><em><strong><span style=\"color: #800080;\">Kategorie wykonawcze:<\/span><\/strong><\/em><br \/>\n\u2022 zespo\u0142y wokalne,<br \/>\n\u2022 zespo\u0142y wokalno-instrumentalne,<br \/>\n\u2022 soli\u015bci, duety<br \/>\n\u2022 zespo\u0142y instrumentalne<br \/>\n\u2022 zespo\u0142y wokalno-ruchowe<\/p>\n<p>Uczestnicy przedstawiaj\u0105 1 utw\u00f3r (dopuszcza si\u0119 wi\u0105zank\u0119 utwor\u00f3w). Preferowany jest repertuar w j\u0119zyku polskim. \u0141\u0105czny czas trwania prezentacji nie mo\u017ce przekroczy\u0107 5 minut.<br \/>\nW kategorii soli\u015bci i duety plac\u00f3wka mo\u017ce przys\u0142a\u0107 max. 2 zg\u0142oszenia.<\/p>\n<p><span style=\"color: #800080;\"><em><strong>Warunki uczestnictwa:<\/strong><\/em><\/span><\/p>\n<p>&#8211; uczestnicy zg\u0142aszaj\u0105 si\u0119 do organizatora na 30 min. przed planowanym wyst\u0119pem,<br \/>\n&#8211; uczestnicy przygotowuj\u0105 nagrania akompaniamentu w formacie mp3 wraz z opisem (wykonawca i numer utworu).<br \/>\n&#8211; uczestnicy zaplanowani na dany blok godzinowy wzajemnie ogl\u0105daj\u0105 swoje wyst\u0119py.<\/p>\n<p><span style=\"color: #800080;\"><em><strong>Sprawy organizacyjne<\/strong><\/em><\/span><\/p>\n<p>Wykonawc\u00f3w ocenia\u0107 b\u0119dzie jury powo\u0142ane przez organizator\u00f3w.<br \/>\nKryteria oceny: dob\u00f3r repertuaru (dostosowanie repertuaru do wieku i umiej\u0119tno\u015bci uczestnik\u00f3w), intonacja, interpretacja, technika wykonania, og\u00f3lny wyraz artystyczny.<br \/>\nKomisja zastrzega sobie prawo ostatecznego zakwalifikowania zespo\u0142u do danej kategorii. Jej decyzje s\u0105 ostateczne i nieodwo\u0142alne.<br \/>\nFestiwal ma charakter otwarty z udzia\u0142em publiczno\u015bci,<br \/>\nOrganizatorzy zapewniaj\u0105 profesjonalne nag\u0142o\u015bnienie pod warunkiem prawid\u0142owego zg\u0142oszenia zapotrzebowania. Dost\u0119pny b\u0119dzie r\u00f3wnie\u017c fortepian elektroniczny.<\/p>\n<p><span style=\"color: #800080;\"><strong><em>Terminarz festiwalu<\/em><\/strong><\/span><\/p>\n<p style=\"text-align: center;\"><span style=\"color: #ff0000;\"><strong><em>Przes\u0142uchania odb\u0119d\u0105 si\u0119 23,24 maja 2023r. od godz. 900 w Centrum Kulturalno-Edukacyjnym w Czerwionce-Leszczynach, ul. 3 Maja 36A.<\/em><\/strong><\/span><\/p>\n<p style=\"text-align: center;\"><span style=\"color: #ff0000;\"><strong><em>Koncert Laureat\u00f3w: 7 czerwiec 2023r. &#8211; og\u0142oszenie wynik\u00f3w i wr\u0119czenie dyplom\u00f3w oraz nagr\u00f3d. Koncert odb\u0119dzie si\u0119 w Centrum Kulturalno-Edukacyjnym w Czerwionce-Leszczynach, ul.3 Maja 36A. Godzin\u0119 koncertu podamy razem z list\u0105 laureat\u00f3w.<\/em><\/strong><\/span><\/p>\n<p style=\"text-align: center;\"><span style=\"color: #ff0000;\"><strong><em>Laureaci zobowi\u0105zani s\u0105 do uczestnictwa w Koncercie Fina\u0142owym.<\/em><\/strong><\/span><\/p>\n<p style=\"text-align: center;\"><span style=\"color: #ff0000;\"><strong><em>Zg\u0142oszenia prosimy przes\u0142a\u0107 do 8 maja 2023r. na adres e-mail: popp@powiatrybnicki.pl<\/em><\/strong><\/span><\/p>\n<p style=\"text-align: center;\"><span style=\"color: #ff0000;\"><strong><em>Termin i kolejno\u015b\u0107 przes\u0142ucha\u0144 oraz lista laureat\u00f3w zamieszczone b\u0119d\u0105 na stronie internetowej http:\/\/www.popp-powiatrybnicki.pl<\/em><\/strong><\/span><\/p>\n<p style=\"text-align: center;\"><span style=\"color: #ff0000;\"><strong><em>Szczeg\u00f3\u0142owe informacje na temat festiwalu na stronie internetowej oraz pod numerem telefonu 504 820 447.<\/em><\/strong><\/span><\/p>\n<p><em><strong><span style=\"color: #800080;\">Informacje dodatkowe<\/span><\/strong><\/em><br \/>\nUczestnicy dostarczaj\u0105 pisemn\u0105 zgod\u0119 na przetwarzanie danych osobowych najp\u00f3\u017aniej podczas rejestracji przyjazdu na przes\u0142uchania.<br \/>\nZg\u0142oszenie do konkursu traktowane jest r\u00f3wnoznacznie z akceptacj\u0105 regulaminu.<\/p>\n","protected":false},"excerpt":{"rendered":"<p>&nbsp; \u201eM\u0142odzie\u017cowy Festiwal Muzyczny 2025\u201d pod honorowym patronatem Starosty Powiatu Rybnickiego Damiana Mrowca Organizator: Powiatowe [&hellip;]<\/p>\n","protected":false},"author":1,"featured_media":0,"parent":0,"menu_order":0,"comment_status":"closed","ping_status":"closed","template":"","meta":{"ngg_post_thumbnail":0,"footnotes":""},"class_list":["post-32","page","type-page","status-publish","hentry"],"_links":{"self":[{"href":"http:\/\/popp-powiatrybnicki.pl\/index.php?rest_route=\/wp\/v2\/pages\/32","targetHints":{"allow":["GET"]}}],"collection":[{"href":"http:\/\/popp-powiatrybnicki.pl\/index.php?rest_route=\/wp\/v2\/pages"}],"about":[{"href":"http:\/\/popp-powiatrybnicki.pl\/index.php?rest_route=\/wp\/v2\/types\/page"}],"author":[{"embeddable":true,"href":"http:\/\/popp-powiatrybnicki.pl\/index.php?rest_route=\/wp\/v2\/users\/1"}],"replies":[{"embeddable":true,"href":"http:\/\/popp-powiatrybnicki.pl\/index.php?rest_route=%2Fwp%2Fv2%2Fcomments&post=32"}],"version-history":[{"count":11,"href":"http:\/\/popp-powiatrybnicki.pl\/index.php?rest_route=\/wp\/v2\/pages\/32\/revisions"}],"predecessor-version":[{"id":914,"href":"http:\/\/popp-powiatrybnicki.pl\/index.php?rest_route=\/wp\/v2\/pages\/32\/revisions\/914"}],"wp:attachment":[{"href":"http:\/\/popp-powiatrybnicki.pl\/index.php?rest_route=%2Fwp%2Fv2%2Fmedia&parent=32"}],"curies":[{"name":"wp","href":"https:\/\/api.w.org\/{rel}","templated":true}]}}